{"id":2,"date":"2015-02-03T12:21:28","date_gmt":"2015-02-03T12:21:28","guid":{"rendered":"http:\/\/cantabriarallye.net\/2015\/?page_id=2"},"modified":"2023-12-24T12:40:55","modified_gmt":"2023-12-24T10:40:55","slug":"sample-page","status":"publish","type":"page","link":"https:\/\/www.cantabriarallye.net\/newcantabriarallye\/sample-page\/","title":{"rendered":"Sobre CantabriaRallye"},"content":{"rendered":"<p>Muchos a\u00f1os y muchos kil\u00f3metros recorridos, para dar a luz esta web que se actualiza una vez m\u00e1s para llegar a todos aquellos que aman el mundo de los rallyes:<\/p>\n<blockquote><p><strong><em>\u201cEl secreto de esta especialidad, radica en frenar un segundo despu\u00e9s de lo que indica el sentido com\u00fan y acelerar un segundo antes de lo que impera la l\u00f3gica\u201d<\/em><\/strong>.<\/p><\/blockquote>\n<p>Sobre Manel Cavia&#8230;<\/p>\n<p>Comenzaba en los Rallyes por casualidad y en el a\u00f1o 2000. Todo empezaba en la subida a la Bien Aparecida, cuando acud\u00eda como publico para ver correr a un amigo.<br \/>\nEl deporte del motor hacia mella en \u00e9l y ese mismo a\u00f1o nac\u00eda www.cantabriarallye.net, siendo la PRIMERA WEB del automovilismo regional en Cantabria. Rallyes, Rallysprint, Monta\u00f1a y Slalom tienen cabida en esta web, pues todo ello es automovilismo.<\/p>\n<p>Tratamos de hacerlo lo mejor posible, siempre de una forma constructiva, siendo el mundo del motor y los pilotos C\u00e1ntabros, nuestra mayor atenci\u00f3n.<\/p>\n<!-- AddThis Advanced Settings generic via filter on the_content --><!-- AddThis Share Buttons generic via filter on the_content -->","protected":false},"excerpt":{"rendered":"<p>Muchos a\u00f1os y muchos kil\u00f3metros recorridos, para dar a luz esta web que se actualiza una vez m\u00e1s para llegar a todos aquellos que aman el mundo de los rallyes: \u201cEl secreto de esta especialidad, radica en frenar un segundo despu\u00e9s de lo que indica el sentido com\u00fan y acelerar un segundo antes de lo [&hellip;]<!-- AddThis Advanced Settings generic via filter on wp_trim_excerpt --><!-- AddThis Share Buttons generic via filter on wp_trim_excerpt --><\/p>\n","protected":false},"author":2,"featured_media":0,"parent":0,"menu_order":0,"comment_status":"closed","ping_status":"closed","template":"","meta":{"_exactmetrics_skip_tracking":false,"_exactmetrics_sitenote_active":false,"_exactmetrics_sitenote_note":"","_exactmetrics_sitenote_category":0,"footnotes":""},"class_list":["post-2","page","type-page","status-publish","hentry"],"_links":{"self":[{"href":"https:\/\/www.cantabriarallye.net\/newcantabriarallye\/wp-json\/wp\/v2\/pages\/2","targetHints":{"allow":["GET"]}}],"collection":[{"href":"https:\/\/www.cantabriarallye.net\/newcantabriarallye\/wp-json\/wp\/v2\/pages"}],"about":[{"href":"https:\/\/www.cantabriarallye.net\/newcantabriarallye\/wp-json\/wp\/v2\/types\/page"}],"author":[{"embeddable":true,"href":"https:\/\/www.cantabriarallye.net\/newcantabriarallye\/wp-json\/wp\/v2\/users\/2"}],"replies":[{"embeddable":true,"href":"https:\/\/www.cantabriarallye.net\/newcantabriarallye\/wp-json\/wp\/v2\/comments?post=2"}],"version-history":[{"count":3,"href":"https:\/\/www.cantabriarallye.net\/newcantabriarallye\/wp-json\/wp\/v2\/pages\/2\/revisions"}],"predecessor-version":[{"id":6611,"href":"https:\/\/www.cantabriarallye.net\/newcantabriarallye\/wp-json\/wp\/v2\/pages\/2\/revisions\/6611"}],"wp:attachment":[{"href":"https:\/\/www.cantabriarallye.net\/newcantabriarallye\/wp-json\/wp\/v2\/media?parent=2"}],"curies":[{"name":"wp","href":"https:\/\/api.w.org\/{rel}","templated":true}]}}