{"id":3755,"date":"2018-05-23T21:47:22","date_gmt":"2018-05-23T19:47:22","guid":{"rendered":"http:\/\/www.cantabriarallye.net\/newcantabriarallye\/politica-de-privacidad-2\/"},"modified":"2023-12-24T12:40:06","modified_gmt":"2023-12-24T10:40:06","slug":"politica-de-privacidad-2","status":"publish","type":"page","link":"https:\/\/www.cantabriarallye.net\/newcantabriarallye\/politica-de-privacidad-2\/","title":{"rendered":"Politica de Privacidad"},"content":{"rendered":"<p>La navegaci\u00f3n en www.cantabriarallye.net y\/o el uso de los servicios ofrecidos en este sitio web implica que el usuario acepta la Pol\u00edtica de Privacidad, el Aviso Legal y otros textos legales relacionados con el uso de servicio prestados en este sitio web.<\/p>\n<p>Aviso Legal<\/p>\n<p>En base al art\u00edculo 10 de la Ley 34\/2002 de 11 de julio, de Servicios de la Sociedad de la Informaci\u00f3n y de Comercio Electr\u00f3nico, Manel Cavia Vierna, con NIF 13.786.367-Y identifica en Internet con el dominio www.cantabriarallye.net sobre el que ejerce su titularidad.<\/p>\n<p>Puedes contactar con el responsable del sitio web:<br \/>\nManel Cavia Vierna<br \/>\nMateo Escagedo, 11<br \/>\n39600 &#8211; Malia\u00f1o &#8211; Cantabria<br \/>\ninfo@cantabriarallye.net<\/p>\n<p>Sobre los datos de los usuarios<\/p>\n<p>De acuerdo a lo previsto en la Ley Org\u00e1nica 15\/1999, del 13 de diciembre, de Protecci\u00f3n de Datos de Car\u00e1cter Personal (LOPD), el administrador de www.cantabriarallye.net informa de la existencia de un fichero de su titularidad en el cual se incluir\u00e1n los datos necesarios para mantener informados a los usuarios que as\u00ed lo requieran o proporcionar los servicios que los usuarios soliciten.<\/p>\n<p>El titular puede ejercer los derechos reconocidos en la LOPD sobre este fichero y, en particular, los derechos de acceso, rectificaci\u00f3n o cancelaci\u00f3n de datos y oposici\u00f3n, si resultara oportuno, as\u00ed como el de revocaci\u00f3n del consentimiento para la cesi\u00f3n de sus datos en los t\u00e9rminos previstos en la LOPD.<\/p>\n<p>Como usuario puedes realizar estas acciones editando tus propios datos en el tu dominio.<\/p>\n<p>Excepto casos puntuales, para poder llevar a cabo la comunicaci\u00f3n o cesi\u00f3n de los datos deber\u00e1 solicitarse el consentimiento previo del interesado.<\/p>\n<p>Pol\u00edtica de Privacidad<\/p>\n<p>Los ficheros de www.cantabriarallye.net no contienen datos de car\u00e1cter privado ni requieren informaci\u00f3n para identificar a personas f\u00edsicas.<\/p>\n<p>Exclusi\u00f3n de garant\u00edas y responsabilidad<\/p>\n<p>El administrador de www.cantabriarallye.net no garantiza la licitud, fiabilidad, exactitud, exhaustividad, actualidad y utilidad de las aplicaciones, servicios y redes sociales que se incluyen.<\/p>\n<p>El establecimiento de aplicaciones, servicios y redes sociales no implica en ning\u00fan caso la existencia de relaciones entre www.cantabriarallye.net y los propietarios de los mismos, ni la aceptaci\u00f3n y aprobaci\u00f3n de sus contenidos o servicios.<\/p>\n<p>El administrador de www.cantabriarallye.net excluye toda responsabilidad en la informaci\u00f3n distribuida, generada, enlazada y compartida por el uso de esta web y no puede controlar y no controla que entre ella aparezcan contenidos que puedan resultar il\u00edcitos, ilegales, contrarios a la moral o a las buenas costumbres o inapropiados.<\/p>\n<p>El usuario debe extremar la prudencia en la valoraci\u00f3n y utilizaci\u00f3n de la informaci\u00f3n, contenidos y servicios existentes aportados\u00a0 www.cantabriarallye.net.<\/p>\n<!-- AddThis Advanced Settings generic via filter on the_content --><!-- AddThis Share Buttons generic via filter on the_content -->","protected":false},"excerpt":{"rendered":"<p>La navegaci\u00f3n en www.cantabriarallye.net y\/o el uso de los servicios ofrecidos en este sitio web implica que el usuario acepta la Pol\u00edtica de Privacidad, el Aviso Legal y otros textos legales relacionados con el uso de servicio prestados en este sitio web. Aviso Legal En base al art\u00edculo 10 de la Ley 34\/2002 de 11 [&hellip;]<!-- AddThis Advanced Settings generic via filter on wp_trim_excerpt --><!-- AddThis Share Buttons generic via filter on wp_trim_excerpt --><\/p>\n","protected":false},"author":2,"featured_media":0,"parent":0,"menu_order":0,"comment_status":"closed","ping_status":"closed","template":"","meta":{"_exactmetrics_skip_tracking":false,"_exactmetrics_sitenote_active":false,"_exactmetrics_sitenote_note":"","_exactmetrics_sitenote_category":0,"footnotes":""},"class_list":["post-3755","page","type-page","status-publish","hentry"],"_links":{"self":[{"href":"https:\/\/www.cantabriarallye.net\/newcantabriarallye\/wp-json\/wp\/v2\/pages\/3755","targetHints":{"allow":["GET"]}}],"collection":[{"href":"https:\/\/www.cantabriarallye.net\/newcantabriarallye\/wp-json\/wp\/v2\/pages"}],"about":[{"href":"https:\/\/www.cantabriarallye.net\/newcantabriarallye\/wp-json\/wp\/v2\/types\/page"}],"author":[{"embeddable":true,"href":"https:\/\/www.cantabriarallye.net\/newcantabriarallye\/wp-json\/wp\/v2\/users\/2"}],"replies":[{"embeddable":true,"href":"https:\/\/www.cantabriarallye.net\/newcantabriarallye\/wp-json\/wp\/v2\/comments?post=3755"}],"version-history":[{"count":5,"href":"https:\/\/www.cantabriarallye.net\/newcantabriarallye\/wp-json\/wp\/v2\/pages\/3755\/revisions"}],"predecessor-version":[{"id":6610,"href":"https:\/\/www.cantabriarallye.net\/newcantabriarallye\/wp-json\/wp\/v2\/pages\/3755\/revisions\/6610"}],"wp:attachment":[{"href":"https:\/\/www.cantabriarallye.net\/newcantabriarallye\/wp-json\/wp\/v2\/media?parent=3755"}],"curies":[{"name":"wp","href":"https:\/\/api.w.org\/{rel}","templated":true}]}}